{"id":21,"date":"2010-08-23T21:56:29","date_gmt":"2010-08-23T19:56:29","guid":{"rendered":"http:\/\/www.judostjust.com\/?page_id=21"},"modified":"2025-09-21T19:47:34","modified_gmt":"2025-09-21T19:47:34","slug":"entrainements","status":"publish","type":"page","link":"https:\/\/judostjust.fr\/?page_id=21","title":{"rendered":"Cours"},"content":{"rendered":"\n<p>Rejoignez nous au dojo municipal de St Just-en-Chauss\u00e9e (entre le gymnase et les courts de tennis).<\/p>\n\n\n\n<p>Les entra\u00eenements sont nombreux et vari\u00e9s !<\/p>\n\n\n\n<p>Vous retrouvez tous ces d\u00e9tails dans le <a href=\"https:\/\/judostjust.fr\/wp-content\/uploads\/2025\/06\/Dossier-Inscription-2025-2026-jcstjustois.pdf\">dossier d&rsquo;inscription<\/a>.<\/p>\n\n\n\n<figure class=\"wp-block-image size-full\"><img loading=\"lazy\" decoding=\"async\" width=\"803\" height=\"534\" src=\"https:\/\/judostjust.fr\/wp-content\/uploads\/2025\/09\/Cours-1.png\" alt=\"\" class=\"wp-image-1577\" srcset=\"https:\/\/judostjust.fr\/wp-content\/uploads\/2025\/09\/Cours-1.png 803w, https:\/\/judostjust.fr\/wp-content\/uploads\/2025\/09\/Cours-1-300x200.png 300w, https:\/\/judostjust.fr\/wp-content\/uploads\/2025\/09\/Cours-1-768x511.png 768w, https:\/\/judostjust.fr\/wp-content\/uploads\/2025\/09\/Cours-1-150x100.png 150w\" sizes=\"auto, (max-width: 803px) 100vw, 803px\" \/><\/figure>\n\n\n\n<p>Chers parents et judoka, <\/p>\n\n\n\n<p>Nous vous rappelons qu&rsquo;il n&rsquo;y a aucuns cours de judo lors des p\u00e9riodes de vacances scolaires, cependant nous organisons un stage judo\/loisir lors de la premi\u00e8re semaine des vacances.<\/p>\n\n\n\n<p><strong>Judo le matin et loisir l&rsquo;apr\u00e8s midi<\/strong> (jeux en ext\u00e9rieurs, film au dojo&#8230;).<\/p>\n\n\n\n<p class=\"has-white-color has-text-color has-link-color wp-elements-7e4ac651328708ea719ac0894fa30934\">.<\/p>\n\n\n\n<figure class=\"wp-block-gallery has-nested-images columns-default is-cropped wp-block-gallery-1 is-layout-flex wp-block-gallery-is-layout-flex\">\n<figure class=\"wp-block-image size-large\"><img loading=\"lazy\" decoding=\"async\" width=\"1024\" height=\"459\" data-id=\"1612\" src=\"https:\/\/judostjust.fr\/wp-content\/uploads\/2025\/09\/IMG_7827-1024x459.jpg\" alt=\"\" class=\"wp-image-1612\" srcset=\"https:\/\/judostjust.fr\/wp-content\/uploads\/2025\/09\/IMG_7827-1024x459.jpg 1024w, https:\/\/judostjust.fr\/wp-content\/uploads\/2025\/09\/IMG_7827-300x134.jpg 300w, https:\/\/judostjust.fr\/wp-content\/uploads\/2025\/09\/IMG_7827-768x344.jpg 768w, https:\/\/judostjust.fr\/wp-content\/uploads\/2025\/09\/IMG_7827-1536x689.jpg 1536w, https:\/\/judostjust.fr\/wp-content\/uploads\/2025\/09\/IMG_7827-150x67.jpg 150w, https:\/\/judostjust.fr\/wp-content\/uploads\/2025\/09\/IMG_7827.jpg 2048w\" sizes=\"auto, (max-width: 1024px) 100vw, 1024px\" \/><\/figure>\n\n\n\n<figure class=\"wp-block-image size-large\"><img loading=\"lazy\" decoding=\"async\" width=\"1024\" height=\"459\" data-id=\"1615\" src=\"https:\/\/judostjust.fr\/wp-content\/uploads\/2025\/09\/image1-1-1024x459.jpeg\" alt=\"\" class=\"wp-image-1615\" srcset=\"https:\/\/judostjust.fr\/wp-content\/uploads\/2025\/09\/image1-1-1024x459.jpeg 1024w, https:\/\/judostjust.fr\/wp-content\/uploads\/2025\/09\/image1-1-300x134.jpeg 300w, https:\/\/judostjust.fr\/wp-content\/uploads\/2025\/09\/image1-1-768x344.jpeg 768w, https:\/\/judostjust.fr\/wp-content\/uploads\/2025\/09\/image1-1-1536x689.jpeg 1536w, https:\/\/judostjust.fr\/wp-content\/uploads\/2025\/09\/image1-1-150x67.jpeg 150w, https:\/\/judostjust.fr\/wp-content\/uploads\/2025\/09\/image1-1.jpeg 2048w\" sizes=\"auto, (max-width: 1024px) 100vw, 1024px\" \/><\/figure>\n\n\n\n<figure class=\"wp-block-image size-large\"><img loading=\"lazy\" decoding=\"async\" width=\"1024\" height=\"459\" data-id=\"1613\" src=\"https:\/\/judostjust.fr\/wp-content\/uploads\/2025\/09\/IMG_7826-1024x459.jpg\" alt=\"\" class=\"wp-image-1613\" srcset=\"https:\/\/judostjust.fr\/wp-content\/uploads\/2025\/09\/IMG_7826-1024x459.jpg 1024w, https:\/\/judostjust.fr\/wp-content\/uploads\/2025\/09\/IMG_7826-300x134.jpg 300w, https:\/\/judostjust.fr\/wp-content\/uploads\/2025\/09\/IMG_7826-768x344.jpg 768w, https:\/\/judostjust.fr\/wp-content\/uploads\/2025\/09\/IMG_7826-1536x689.jpg 1536w, https:\/\/judostjust.fr\/wp-content\/uploads\/2025\/09\/IMG_7826-150x67.jpg 150w, https:\/\/judostjust.fr\/wp-content\/uploads\/2025\/09\/IMG_7826.jpg 2048w\" sizes=\"auto, (max-width: 1024px) 100vw, 1024px\" \/><\/figure>\n\n\n\n<figure class=\"wp-block-image size-large\"><img loading=\"lazy\" decoding=\"async\" width=\"1024\" height=\"459\" data-id=\"1614\" src=\"https:\/\/judostjust.fr\/wp-content\/uploads\/2025\/09\/image0-1-1024x459.jpeg\" alt=\"\" class=\"wp-image-1614\" srcset=\"https:\/\/judostjust.fr\/wp-content\/uploads\/2025\/09\/image0-1-1024x459.jpeg 1024w, https:\/\/judostjust.fr\/wp-content\/uploads\/2025\/09\/image0-1-300x134.jpeg 300w, https:\/\/judostjust.fr\/wp-content\/uploads\/2025\/09\/image0-1-768x344.jpeg 768w, https:\/\/judostjust.fr\/wp-content\/uploads\/2025\/09\/image0-1-1536x689.jpeg 1536w, https:\/\/judostjust.fr\/wp-content\/uploads\/2025\/09\/image0-1-150x67.jpeg 150w, https:\/\/judostjust.fr\/wp-content\/uploads\/2025\/09\/image0-1.jpeg 2048w\" sizes=\"auto, (max-width: 1024px) 100vw, 1024px\" \/><\/figure>\n<\/figure>\n\n\n\n<p>Les informations vous seront communiqu\u00e9es par l&rsquo;interm\u00e9diaire de professeur, le d\u00e9jeun\u00e9 piquenique est \u00e0 pr\u00e9voir et le gout\u00e9 est offert par le club.<\/p>\n\n\n\n<p>Le stage sera valid\u00e9 en fonction du nombre de participants.<\/p>\n\n\n\n<p class=\"has-white-color has-text-color has-link-color wp-elements-7e4ac651328708ea719ac0894fa30934\">.<\/p>\n","protected":false},"excerpt":{"rendered":"<p>Rejoignez nous au dojo municipal de St Just-en-Chauss&eacute;e (entre le gymnase et les courts de tennis). Les entra&icirc;nements sont nombreux et vari&eacute;s ! Vous retrouvez tous ces d&eacute;tails dans le dossier d&rsquo;inscription. Chers parents et judoka, Nous vous rappelons qu&rsquo;il &hellip; <a href=\"https:\/\/judostjust.fr\/?page_id=21\">Continuer la lecture <span class=\"meta-nav\">&rarr;<\/span><\/a><\/p>\n","protected":false},"author":2,"featured_media":0,"parent":0,"menu_order":1,"comment_status":"closed","ping_status":"closed","template":"","meta":{"_monsterinsights_skip_tracking":false,"_monsterinsights_sitenote_active":false,"_monsterinsights_sitenote_note":"","_monsterinsights_sitenote_category":0,"footnotes":""},"class_list":["post-21","page","type-page","status-publish","hentry"],"_links":{"self":[{"href":"https:\/\/judostjust.fr\/index.php?rest_route=\/wp\/v2\/pages\/21","targetHints":{"allow":["GET"]}}],"collection":[{"href":"https:\/\/judostjust.fr\/index.php?rest_route=\/wp\/v2\/pages"}],"about":[{"href":"https:\/\/judostjust.fr\/index.php?rest_route=\/wp\/v2\/types\/page"}],"author":[{"embeddable":true,"href":"https:\/\/judostjust.fr\/index.php?rest_route=\/wp\/v2\/users\/2"}],"replies":[{"embeddable":true,"href":"https:\/\/judostjust.fr\/index.php?rest_route=%2Fwp%2Fv2%2Fcomments&post=21"}],"version-history":[{"count":17,"href":"https:\/\/judostjust.fr\/index.php?rest_route=\/wp\/v2\/pages\/21\/revisions"}],"predecessor-version":[{"id":1618,"href":"https:\/\/judostjust.fr\/index.php?rest_route=\/wp\/v2\/pages\/21\/revisions\/1618"}],"wp:attachment":[{"href":"https:\/\/judostjust.fr\/index.php?rest_route=%2Fwp%2Fv2%2Fmedia&parent=21"}],"curies":[{"name":"wp","href":"https:\/\/api.w.org\/{rel}","templated":true}]}}