{"id":14,"date":"2010-08-23T21:40:57","date_gmt":"2010-08-23T19:40:57","guid":{"rendered":"http:\/\/www.judostjust.com\/?page_id=14"},"modified":"2025-09-24T22:09:07","modified_gmt":"2025-09-24T22:09:07","slug":"comite-directeur","status":"publish","type":"page","link":"https:\/\/judostjust.fr\/?page_id=14","title":{"rendered":"Comit\u00e9 directeur"},"content":{"rendered":"\n<p>Le Comit\u00e9 Directeur du Judo Club St Justois est compos\u00e9 de 7 membres \u00e9lus.<\/p>\n\n\n\n<p>Tous les membres du comit\u00e9 directeur du Judo Club St Justois sont pratiquants et repr\u00e9sentent les cours de Judo, Jujitsu et Ta\u00efso.<\/p>\n\n\n\n<p>Par leur engagement personnel quotidien ils permettent le bon fonctionnement et le d\u00e9veloppement de notre club.<\/p>\n\n\n<div class=\"wp-block-image\">\n<figure class=\"aligncenter size-full is-resized\"><img loading=\"lazy\" decoding=\"async\" width=\"617\" height=\"404\" src=\"https:\/\/judostjust.fr\/wp-content\/uploads\/2025\/09\/Capture-decran-2025-09-25-000731.png\" alt=\"\" class=\"wp-image-1637\" style=\"width:801px;height:auto\" srcset=\"https:\/\/judostjust.fr\/wp-content\/uploads\/2025\/09\/Capture-decran-2025-09-25-000731.png 617w, https:\/\/judostjust.fr\/wp-content\/uploads\/2025\/09\/Capture-decran-2025-09-25-000731-300x196.png 300w, https:\/\/judostjust.fr\/wp-content\/uploads\/2025\/09\/Capture-decran-2025-09-25-000731-150x98.png 150w\" sizes=\"auto, (max-width: 617px) 100vw, 617px\" \/><\/figure><\/div>","protected":false},"excerpt":{"rendered":"<p>Le Comit&eacute; Directeur du Judo Club St Justois est compos&eacute; de 7 membres &eacute;lus. Tous les membres du comit&eacute; directeur du Judo Club St Justois sont pratiquants et repr&eacute;sentent les cours de Judo, Jujitsu et Ta&iuml;so. Par leur engagement personnel &hellip; <a href=\"https:\/\/judostjust.fr\/?page_id=14\">Continuer la lecture <span class=\"meta-nav\">&rarr;<\/span><\/a><\/p>\n","protected":false},"author":2,"featured_media":0,"parent":0,"menu_order":4,"comment_status":"closed","ping_status":"open","template":"","meta":{"_monsterinsights_skip_tracking":false,"_monsterinsights_sitenote_active":false,"_monsterinsights_sitenote_note":"","_monsterinsights_sitenote_category":0,"footnotes":""},"class_list":["post-14","page","type-page","status-publish","hentry"],"_links":{"self":[{"href":"https:\/\/judostjust.fr\/index.php?rest_route=\/wp\/v2\/pages\/14","targetHints":{"allow":["GET"]}}],"collection":[{"href":"https:\/\/judostjust.fr\/index.php?rest_route=\/wp\/v2\/pages"}],"about":[{"href":"https:\/\/judostjust.fr\/index.php?rest_route=\/wp\/v2\/types\/page"}],"author":[{"embeddable":true,"href":"https:\/\/judostjust.fr\/index.php?rest_route=\/wp\/v2\/users\/2"}],"replies":[{"embeddable":true,"href":"https:\/\/judostjust.fr\/index.php?rest_route=%2Fwp%2Fv2%2Fcomments&post=14"}],"version-history":[{"count":13,"href":"https:\/\/judostjust.fr\/index.php?rest_route=\/wp\/v2\/pages\/14\/revisions"}],"predecessor-version":[{"id":1638,"href":"https:\/\/judostjust.fr\/index.php?rest_route=\/wp\/v2\/pages\/14\/revisions\/1638"}],"wp:attachment":[{"href":"https:\/\/judostjust.fr\/index.php?rest_route=%2Fwp%2Fv2%2Fmedia&parent=14"}],"curies":[{"name":"wp","href":"https:\/\/api.w.org\/{rel}","templated":true}]}}